{"id":87,"date":"2025-06-23T11:36:39","date_gmt":"2025-06-23T11:36:39","guid":{"rendered":"https:\/\/successconsulting.bf\/?page_id=87"},"modified":"2025-06-23T14:42:51","modified_gmt":"2025-06-23T14:42:51","slug":"mission-et-vision","status":"publish","type":"page","link":"https:\/\/successconsulting.bf\/index.php\/mission-et-vision\/","title":{"rendered":"Mission et Vision"},"content":{"rendered":"\n<figure class=\"wp-block-image size-full\"><img loading=\"lazy\" decoding=\"async\" width=\"2161\" height=\"2161\" src=\"https:\/\/successconsulting.bf\/wp-content\/uploads\/2025\/06\/HQ-SC-Logo-3-3.jpg\" alt=\"\" class=\"wp-image-102\" srcset=\"https:\/\/successconsulting.bf\/wp-content\/uploads\/2025\/06\/HQ-SC-Logo-3-3.jpg 2161w, https:\/\/successconsulting.bf\/wp-content\/uploads\/2025\/06\/HQ-SC-Logo-3-3-300x300.jpg 300w, https:\/\/successconsulting.bf\/wp-content\/uploads\/2025\/06\/HQ-SC-Logo-3-3-1024x1024.jpg 1024w, https:\/\/successconsulting.bf\/wp-content\/uploads\/2025\/06\/HQ-SC-Logo-3-3-150x150.jpg 150w, https:\/\/successconsulting.bf\/wp-content\/uploads\/2025\/06\/HQ-SC-Logo-3-3-768x768.jpg 768w, https:\/\/successconsulting.bf\/wp-content\/uploads\/2025\/06\/HQ-SC-Logo-3-3-1536x1536.jpg 1536w, https:\/\/successconsulting.bf\/wp-content\/uploads\/2025\/06\/HQ-SC-Logo-3-3-2048x2048.jpg 2048w\" sizes=\"auto, (max-width: 2161px) 100vw, 2161px\" \/><\/figure>\n\n\n\n<p class=\"has-text-align-center\"><strong><strong>Mission <\/strong><\/strong><\/p>\n\n\n\n<p class=\"has-text-align-center\"><strong>Collaborer avec les institutions \u0153uvrant dans le domaine de l&rsquo;\u00e9ducation afin de leur permettre d&rsquo;\u00eatre en phase avec leur <em>raison d&rsquo;\u00eatre<\/em><\/strong><\/p>\n\n\n\n<p class=\"has-text-align-center\"><strong>Vision<\/strong><\/p>\n\n\n\n<p class=\"has-text-align-center\"><strong>Se positionner comme partenaire s\u00fbr r\u00e9pondant \u00e0 toutes vos pr\u00e9occupations li\u00e9es \u00e0 &nbsp; l&rsquo;\u00e9ducation<\/strong><\/p>\n\n\n\n<p><\/p>\n","protected":false},"excerpt":{"rendered":"<p>Mission Collaborer avec les institutions \u0153uvrant dans le domaine de l&rsquo;\u00e9ducation afin de leur permettre d&rsquo;\u00eatre en phase avec leur raison d&rsquo;\u00eatre Vision Se positionner comme partenaire s\u00fbr r\u00e9pondant \u00e0 toutes vos pr\u00e9occupations li\u00e9es \u00e0 &nbsp; l&rsquo;\u00e9ducation<\/p>\n","protected":false},"author":1,"featured_media":0,"parent":0,"menu_order":0,"comment_status":"closed","ping_status":"closed","template":"","meta":{"footnotes":""},"class_list":["post-87","page","type-page","status-publish","hentry"],"_links":{"self":[{"href":"https:\/\/successconsulting.bf\/index.php\/wp-json\/wp\/v2\/pages\/87","targetHints":{"allow":["GET"]}}],"collection":[{"href":"https:\/\/successconsulting.bf\/index.php\/wp-json\/wp\/v2\/pages"}],"about":[{"href":"https:\/\/successconsulting.bf\/index.php\/wp-json\/wp\/v2\/types\/page"}],"author":[{"embeddable":true,"href":"https:\/\/successconsulting.bf\/index.php\/wp-json\/wp\/v2\/users\/1"}],"replies":[{"embeddable":true,"href":"https:\/\/successconsulting.bf\/index.php\/wp-json\/wp\/v2\/comments?post=87"}],"version-history":[{"count":3,"href":"https:\/\/successconsulting.bf\/index.php\/wp-json\/wp\/v2\/pages\/87\/revisions"}],"predecessor-version":[{"id":103,"href":"https:\/\/successconsulting.bf\/index.php\/wp-json\/wp\/v2\/pages\/87\/revisions\/103"}],"wp:attachment":[{"href":"https:\/\/successconsulting.bf\/index.php\/wp-json\/wp\/v2\/media?parent=87"}],"curies":[{"name":"wp","href":"https:\/\/api.w.org\/{rel}","templated":true}]}}