{"id":84,"date":"2025-06-23T11:35:18","date_gmt":"2025-06-23T11:35:18","guid":{"rendered":"https:\/\/successconsulting.bf\/?page_id=84"},"modified":"2025-06-23T11:35:18","modified_gmt":"2025-06-23T11:35:18","slug":"a-propos","status":"publish","type":"page","link":"https:\/\/successconsulting.bf\/","title":{"rendered":"A Propos"},"content":{"rendered":"\n<h2 class=\"wp-block-heading has-text-align-center\"><sup><sub>Un engagement en faveur d\u2019une \u00c9ducation inclusive et durable<\/sub><\/sup><\/h2>\n\n\n\n<figure class=\"wp-block-image aligncenter size-full\"><img loading=\"lazy\" decoding=\"async\" width=\"500\" height=\"500\" src=\"https:\/\/successconsulting.bf\/wp-content\/uploads\/2025\/06\/SuccessConsulting.png\" alt=\"\" class=\"wp-image-85\" srcset=\"https:\/\/successconsulting.bf\/wp-content\/uploads\/2025\/06\/SuccessConsulting.png 500w, https:\/\/successconsulting.bf\/wp-content\/uploads\/2025\/06\/SuccessConsulting-300x300.png 300w, https:\/\/successconsulting.bf\/wp-content\/uploads\/2025\/06\/SuccessConsulting-150x150.png 150w\" sizes=\"auto, (max-width: 500px) 100vw, 500px\" \/><\/figure>\n\n\n\n<p>Success Consulting est un cabinet de conseil ind\u00e9pendant sp\u00e9cialis\u00e9 en \u00e9ducation, anim\u00e9 par la volont\u00e9 d\u2019accompagner les \u00c9tats, les institutions et les partenaires dans la mise en \u0153uvre de politiques \u00e9ducatives efficaces, inclusives et durables.<\/p>\n\n\n\n<p><\/p>\n","protected":false},"excerpt":{"rendered":"<p>Un engagement en faveur d\u2019une \u00c9ducation inclusive et durable Success Consulting est un cabinet de conseil ind\u00e9pendant sp\u00e9cialis\u00e9 en \u00e9ducation, anim\u00e9 par la volont\u00e9 d\u2019accompagner les \u00c9tats, les institutions et les partenaires dans la mise en \u0153uvre de politiques \u00e9ducatives efficaces, inclusives et durables.<\/p>\n","protected":false},"author":1,"featured_media":0,"parent":0,"menu_order":0,"comment_status":"closed","ping_status":"closed","template":"","meta":{"footnotes":""},"class_list":["post-84","page","type-page","status-publish","hentry"],"_links":{"self":[{"href":"https:\/\/successconsulting.bf\/index.php\/wp-json\/wp\/v2\/pages\/84","targetHints":{"allow":["GET"]}}],"collection":[{"href":"https:\/\/successconsulting.bf\/index.php\/wp-json\/wp\/v2\/pages"}],"about":[{"href":"https:\/\/successconsulting.bf\/index.php\/wp-json\/wp\/v2\/types\/page"}],"author":[{"embeddable":true,"href":"https:\/\/successconsulting.bf\/index.php\/wp-json\/wp\/v2\/users\/1"}],"replies":[{"embeddable":true,"href":"https:\/\/successconsulting.bf\/index.php\/wp-json\/wp\/v2\/comments?post=84"}],"version-history":[{"count":1,"href":"https:\/\/successconsulting.bf\/index.php\/wp-json\/wp\/v2\/pages\/84\/revisions"}],"predecessor-version":[{"id":86,"href":"https:\/\/successconsulting.bf\/index.php\/wp-json\/wp\/v2\/pages\/84\/revisions\/86"}],"wp:attachment":[{"href":"https:\/\/successconsulting.bf\/index.php\/wp-json\/wp\/v2\/media?parent=84"}],"curies":[{"name":"wp","href":"https:\/\/api.w.org\/{rel}","templated":true}]}}